{"id":1945,"date":"2025-12-13T15:38:00","date_gmt":"2025-12-13T14:38:00","guid":{"rendered":"https:\/\/citytourtuktuk.com\/?page_id=1945"},"modified":"2025-12-13T22:20:25","modified_gmt":"2025-12-13T21:20:25","slug":"tuk-tuk-alicante","status":"publish","type":"page","link":"https:\/\/citytourtuktuk.com\/en\/tuk-tuk-alicante\/","title":{"rendered":"Tuk Tuk Alicante"},"content":{"rendered":"<h2 class=\"wp-block-heading\">Tours privados en tuk tuk por Alicante <\/h2>\n\n\n\n<p style=\"font-size:48px\">Descubre Alicante en Tuk Tuk<\/p>\n\n\n\n<p>Descubre Alicante de una forma diferente con nuestro tuk tuk en Alicante. Ofrecemos tours privados en tuk tuk por el centro hist\u00f3rico, el Castillo de Santa B\u00e1rbara y los principales puntos de inter\u00e9s de la ciudad.<\/p>\n\n\n\n<p><br>Nuestros recorridos son ideales para parejas, familias o grupos peque\u00f1os que quieran conocer Alicante de forma c\u00f3moda, divertida y personalizada.<\/p>\n\n\n\n<p><br>\u00bfQu\u00e9 incluye el tour en tuk tuk por Alicante?<br>Tour privado en tuk tuk (hasta 4 personas)<br>Rutas flexibles y personalizadas<br>Paradas para fotos<br>Recorridos por el casco antiguo y zonas emblem\u00e1ticas<br>Disponible en espa\u00f1ol e ingl\u00e9s<br>Reserva tu tuk tuk en Alicante<br>Reserva tu tuk tuk en Alicante y disfruta de una experiencia \u00fanica para descubrir la ciudad.<br>Punto de recogida flexible y horarios amplios.<\/p>\n\n\n\n<p>Nuestro servicio de tuk tuk en Alicante es ideal para quienes buscan una experiencia tur\u00edstica c\u00f3moda y personalizada para recorrer la ciudad<\/p>","protected":false},"excerpt":{"rendered":"<p>Tours privados en tuk tuk por Alicante. Descubre el centro historico, el castillo de Santa Barbara y los principales p\u00f9ntos de  interes con rutas Flexibles.<\/p>","protected":false},"author":1,"featured_media":1888,"parent":0,"menu_order":0,"comment_status":"closed","ping_status":"closed","template":"","meta":{"footnotes":""},"class_list":["post-1945","page","type-page","status-publish","has-post-thumbnail","hentry"],"_links":{"self":[{"href":"https:\/\/citytourtuktuk.com\/en\/wp-json\/wp\/v2\/pages\/1945","targetHints":{"allow":["GET"]}}],"collection":[{"href":"https:\/\/citytourtuktuk.com\/en\/wp-json\/wp\/v2\/pages"}],"about":[{"href":"https:\/\/citytourtuktuk.com\/en\/wp-json\/wp\/v2\/types\/page"}],"author":[{"embeddable":true,"href":"https:\/\/citytourtuktuk.com\/en\/wp-json\/wp\/v2\/users\/1"}],"replies":[{"embeddable":true,"href":"https:\/\/citytourtuktuk.com\/en\/wp-json\/wp\/v2\/comments?post=1945"}],"version-history":[{"count":0,"href":"https:\/\/citytourtuktuk.com\/en\/wp-json\/wp\/v2\/pages\/1945\/revisions"}],"wp:featuredmedia":[{"embeddable":true,"href":"https:\/\/citytourtuktuk.com\/en\/wp-json\/wp\/v2\/media\/1888"}],"wp:attachment":[{"href":"https:\/\/citytourtuktuk.com\/en\/wp-json\/wp\/v2\/media?parent=1945"}],"curies":[{"name":"wp","href":"https:\/\/api.w.org\/{rel}","templated":true}]}}